{"id":2,"date":"2017-07-11T09:29:38","date_gmt":"2017-07-11T07:29:38","guid":{"rendered":"http:\/\/hfo.pl\/?page_id=2"},"modified":"2025-12-29T14:00:59","modified_gmt":"2025-12-29T13:00:59","slug":"kontakt","status":"publish","type":"page","link":"https:\/\/hfo.pl\/strona\/","title":{"rendered":"Kontakt"},"content":{"rendered":"<p><strong>HFO ELEKTRONIK<\/strong><br \/>\nProducent anten i wzmacniaczy antenowych<br \/>\nDystrybutor cz\u0119\u015bci elektronicznych<\/p>\n<p><strong>Adres sklepu:<\/strong><\/p>\n<p><strong>HFO ELEKTRONIK<\/strong><br \/>\nul.Na\u0142\u0119czowska 62\/12 (lokal handlowy)<br \/>\n02-922 Warszawa<\/p>\n<p><strong>email:<\/strong> <a href=\"mailto:zam@hfo.pl\">zam@hfo.pl<\/a><br \/>\n<strong>telefon<\/strong>: +48 22 651 98 28<\/p>\n<p><iframe loading=\"lazy\" style=\"border: 0; max-width: 100%; max-height: 20rem;\" src=\"https:\/\/www.google.com\/maps\/embed?pb=!1m18!1m12!1m3!1d19570.71123756434!2d21.03617392032018!3d52.18271217616697!2m3!1f0!2f0!3f0!3m2!1i1024!2i768!4f13.1!3m3!1m2!1s0x0%3A0x306520d0d79e016c!2sHFO+Elektronik.+Sklep+z+podzespo%C5%82ami+elektronicznymi.+Wi%C4%85ckowski+J.!5e0!3m2!1spl!2spl!4v1490962655552\" width=\"600\" height=\"450\" frameborder=\"0\" allowfullscreen=\"allowfullscreen\"><\/iframe><\/p>\n<p><strong>Godziny Otwarcia Sklepu stacjonarnego:<\/strong><br \/>\nod poniedzia\u0142ku do pi\u0105tku w godz. 9.00-15.00<\/p>\n<p><strong>Dane do Faktury:<br \/>\n<\/strong>HFO Elektronik Jacenty Wi\u0105ckowski<br \/>\nul. Bartoszka 4 m. 20<br \/>\n00-710 Warszawa<br \/>\n<strong>NIP<\/strong>: 5211145531<br \/>\n<strong>REGON<\/strong>: 013276309<\/p>\n<p><strong>Numer rachunku (konta)<\/strong><br \/>\n52 1160 2202 0000 0000 3358 9028<br \/>\nBank\u00a0MILLENNIUM<br \/>\n(w tytule przelewu prosimy umie\u015bci\u0107 numer zam\u00f3wienia)<\/p>\n","protected":false},"excerpt":{"rendered":"<p>HFO ELEKTRONIK Producent anten i wzmacniaczy antenowych Dystrybutor cz\u0119\u015bci elektronicznych Adres sklepu: HFO ELEKTRONIK ul.Na\u0142\u0119czowska 62\/12 (lokal handlowy) 02-922 Warszawa email: zam@hfo.pl telefon: +48 22<\/p>\n","protected":false},"author":2,"featured_media":0,"parent":0,"menu_order":0,"comment_status":"closed","ping_status":"closed","template":"","meta":{"footnotes":""},"class_list":["post-2","page","type-page","status-publish","hentry"],"jetpack_shortlink":"https:\/\/wp.me\/P8Z1IE-2","jetpack_sharing_enabled":true,"_links":{"self":[{"href":"https:\/\/hfo.pl\/strona\/wp-json\/wp\/v2\/pages\/2","targetHints":{"allow":["GET"]}}],"collection":[{"href":"https:\/\/hfo.pl\/strona\/wp-json\/wp\/v2\/pages"}],"about":[{"href":"https:\/\/hfo.pl\/strona\/wp-json\/wp\/v2\/types\/page"}],"author":[{"embeddable":true,"href":"https:\/\/hfo.pl\/strona\/wp-json\/wp\/v2\/users\/2"}],"replies":[{"embeddable":true,"href":"https:\/\/hfo.pl\/strona\/wp-json\/wp\/v2\/comments?post=2"}],"version-history":[{"count":7,"href":"https:\/\/hfo.pl\/strona\/wp-json\/wp\/v2\/pages\/2\/revisions"}],"predecessor-version":[{"id":693,"href":"https:\/\/hfo.pl\/strona\/wp-json\/wp\/v2\/pages\/2\/revisions\/693"}],"wp:attachment":[{"href":"https:\/\/hfo.pl\/strona\/wp-json\/wp\/v2\/media?parent=2"}],"curies":[{"name":"wp","href":"https:\/\/api.w.org\/{rel}","templated":true}]}}