{"id":34,"date":"2017-07-14T11:21:24","date_gmt":"2017-07-14T09:21:24","guid":{"rendered":"http:\/\/hfo.pl\/?page_id=34"},"modified":"2025-12-29T14:02:01","modified_gmt":"2025-12-29T13:02:01","slug":"o-firmie","status":"publish","type":"page","link":"https:\/\/hfo.pl\/strona\/o-firmie\/","title":{"rendered":"O Firmie"},"content":{"rendered":"<p style=\"text-align: center;\"><strong>Witamy na stronie internetowej firmy HFO ELEKTRONIK!<\/strong><\/p>\n<p style=\"text-align: justify;\">Nasza oferta zawiera podzespo\u0142y elektroniczne takie jak kondensatory, rezystory, tranzystory, d\u0142awiki, uk\u0142ady scalone, diody, diody LED, chemi\u0119 i akcesoria dla elektroniki pochodz\u0105ce od renomowanych, \u015bwiatowych producent\u00f3w, a tak\u017ce nasze w\u0142asne wyroby &#8211; anteny telewizyjne DVB-T (AL-01a, AL-01b, AL-02), wzmacniacze antenowe (LNA-101, LNA-169, LNA-177, LNA-188) oraz rozdzielacze sygna\u0142u telewizyjnego ( ARS-113, WPA-222, WPA-225R).<\/p>\n<p style=\"text-align: center;\"><img data-recalc-dims=\"1\" loading=\"lazy\" decoding=\"async\" class=\"size-medium wp-image-51 aligncenter\" src=\"https:\/\/i0.wp.com\/hfo.pl\/strona\/wp-content\/uploads\/2017\/03\/al01-300x225.jpg?resize=300%2C225\" alt=\"\" width=\"300\" height=\"225\" \/>Antena telewizyjna AL-01<\/p>\n<p style=\"text-align: center;\"><img data-recalc-dims=\"1\" loading=\"lazy\" decoding=\"async\" class=\"wp-image-52 aligncenter\" src=\"https:\/\/i0.wp.com\/hfo.pl\/strona\/wp-content\/uploads\/2017\/03\/LNA177-7729-Edit-300x300.jpg?resize=300%2C300\" alt=\"\" width=\"300\" height=\"300\" \/>Wzmacniacz antenowy LNA-177<\/p>\n<p>&nbsp;<\/p>\n<p style=\"text-align: justify;\">Cech\u0105 wyr\u00f3\u017cniaj\u0105c\u0105\u00a0nasz sklep jest szeroki asortyment komponent\u00f3w\u00a0od podzespo\u0142\u00f3w najnowszej generacji do unikatowych element\u00f3w wysokiej jako\u015bci &#8211; produkowanych w latach 70, 80 i 90-tych ( tzw. vintage).<\/p>\n<p style=\"text-align: justify;\">Staramy si\u0119 oferowa\u0107 towary wyprodukowane przez czo\u0142owych producent\u00f3w \u015bwiatowych. Unikamy element\u00f3w pochodz\u0105cych od nieznanych i niesprawdzonych firm elektronicznych.<\/p>\n<p style=\"text-align: justify;\">Kolejna cech\u0105\u00a0wyr\u00f3\u017cniaj\u0105ca nasz sklep jest natychmiastowa dost\u0119pno\u015b\u0107 oferowanych element\u00f3w &#8211; w magazynie posiadamy wi\u0119kszo\u015b\u0107 sprzedawanych przez nas przedmiot\u00f3w w zwi\u0105zku z czym jeste\u015bmy w stanie zaoferowa\u0107 szybk\u0105 dostaw\u0119.<\/p>\n<p style=\"text-align: justify;\">D\u0142ugoletnie do\u015bwiadczenie (ponad 25 lat) w dystrybucji element\u00f3w elektronicznych oraz produkcji gwarantuje naszym klientom wysok\u0105 jako\u015b\u0107 produkt\u00f3w i sprawn\u0105 obs\u0142ug\u0119 zam\u00f3wie\u0144.<\/p>\n<p style=\"text-align: justify;\">Nasze w\u0142asne wyroby\u00a0&#8211; anteny telewizyjne DVB-T, wzmacniacze antenowe i rozdzielacze sygna\u0142u telewizyjnego s\u0105 produkowane na terenie Polski.<\/p>\n<p style=\"text-align: justify;\"><strong>\u017byczymy udanych zakup\u00f3w!<\/strong><\/p>\n","protected":false},"excerpt":{"rendered":"<p>Witamy na stronie internetowej firmy HFO ELEKTRONIK! Nasza oferta zawiera podzespo\u0142y elektroniczne takie jak kondensatory, rezystory, tranzystory, d\u0142awiki, uk\u0142ady scalone, diody, diody LED, chemi\u0119 i<\/p>\n","protected":false},"author":2,"featured_media":0,"parent":0,"menu_order":0,"comment_status":"closed","ping_status":"closed","template":"","meta":{"footnotes":""},"class_list":["post-34","page","type-page","status-publish","hentry"],"jetpack_shortlink":"https:\/\/wp.me\/P8Z1IE-y","jetpack_sharing_enabled":true,"_links":{"self":[{"href":"https:\/\/hfo.pl\/strona\/wp-json\/wp\/v2\/pages\/34","targetHints":{"allow":["GET"]}}],"collection":[{"href":"https:\/\/hfo.pl\/strona\/wp-json\/wp\/v2\/pages"}],"about":[{"href":"https:\/\/hfo.pl\/strona\/wp-json\/wp\/v2\/types\/page"}],"author":[{"embeddable":true,"href":"https:\/\/hfo.pl\/strona\/wp-json\/wp\/v2\/users\/2"}],"replies":[{"embeddable":true,"href":"https:\/\/hfo.pl\/strona\/wp-json\/wp\/v2\/comments?post=34"}],"version-history":[{"count":2,"href":"https:\/\/hfo.pl\/strona\/wp-json\/wp\/v2\/pages\/34\/revisions"}],"predecessor-version":[{"id":694,"href":"https:\/\/hfo.pl\/strona\/wp-json\/wp\/v2\/pages\/34\/revisions\/694"}],"wp:attachment":[{"href":"https:\/\/hfo.pl\/strona\/wp-json\/wp\/v2\/media?parent=34"}],"curies":[{"name":"wp","href":"https:\/\/api.w.org\/{rel}","templated":true}]}}